{"id":47,"date":"2018-04-29T06:09:44","date_gmt":"2018-04-29T06:09:44","guid":{"rendered":"http:\/\/weba.home.pl\/autoinstalator\/wordpress5\/?page_id=47"},"modified":"2019-11-20T01:53:03","modified_gmt":"2019-11-20T01:53:03","slug":"oferta","status":"publish","type":"page","link":"https:\/\/www.pro-energia.com.pl\/?page_id=47","title":{"rendered":"Oferta"},"content":{"rendered":"<p><span style=\"font-size: 14pt;\"><strong>Fotowoltaika<\/strong><\/span><\/p>\n<p><img loading=\"lazy\" decoding=\"async\" class=\"wp-image-148 alignright\" src=\"http:\/\/weba.home.pl\/autoinstalator\/wordpress5\/wp-content\/uploads\/2018\/04\/fotowoltaika.jpg\" alt=\"\" width=\"410\" height=\"230\" srcset=\"https:\/\/www.pro-energia.com.pl\/wp-content\/uploads\/2018\/04\/fotowoltaika.jpg 4160w, https:\/\/www.pro-energia.com.pl\/wp-content\/uploads\/2018\/04\/fotowoltaika-300x168.jpg 300w, https:\/\/www.pro-energia.com.pl\/wp-content\/uploads\/2018\/04\/fotowoltaika-768x431.jpg 768w, https:\/\/www.pro-energia.com.pl\/wp-content\/uploads\/2018\/04\/fotowoltaika-1024x575.jpg 1024w\" sizes=\"auto, (max-width: 410px) 100vw, 410px\" \/><\/p>\n<p><span style=\"font-size: 14pt;\">Oferujemy szerokie spektrum mo\u017cliwo\u015bci na etapie projektowania instalacji, przy doborze materia\u0142\u00f3w monta\u017cu jak i samego monta\u017cu, kieruj\u0105c si\u0119 przede wszystkim\u00a0wymaganiami stawianymi przez Klienta.<\/span><\/p>\n<p><span style=\"font-size: 14pt;\">Zawsze staramy si\u0119 dobra\u0107 naszemu Inwestorowi najbardziej korzystne rozwi\u0105zanie, niezale\u017cnie od przeszk\u00f3d, kt\u00f3re si\u0119 pojawi\u0105. Sprz\u0119t kt\u00f3ry rekomendujemy znamy bardzo dobrze, dlatego jeste\u015bmy pewni, \u017ce instalacje zamontowane przez nas pos\u0142u\u017c\u0105 Pa\u0144stwu przez d\u0142ugie lata.<\/span><\/p>\n","protected":false},"excerpt":{"rendered":"<p>Fotowoltaika Oferujemy szerokie spektrum mo\u017cliwo\u015bci na etapie projektowania instalacji, przy doborze materia\u0142\u00f3w monta\u017cu jak i samego monta\u017cu, kieruj\u0105c si\u0119 przede wszystkim\u00a0wymaganiami stawianymi przez Klienta. Zawsze staramy si\u0119 dobra\u0107 naszemu Inwestorowi najbardziej korzystne rozwi\u0105zanie, niezale\u017cnie od przeszk\u00f3d, kt\u00f3re si\u0119 pojawi\u0105. Sprz\u0119t kt\u00f3ry rekomendujemy znamy bardzo dobrze, dlatego jeste\u015bmy pewni, \u017ce instalacje zamontowane przez nas pos\u0142u\u017c\u0105 Pa\u0144stwu [&hellip;]<\/p>\n","protected":false},"author":1,"featured_media":0,"parent":0,"menu_order":0,"comment_status":"closed","ping_status":"closed","template":"","meta":{"footnotes":""},"class_list":["post-47","page","type-page","status-publish","hentry"],"_links":{"self":[{"href":"https:\/\/www.pro-energia.com.pl\/index.php?rest_route=\/wp\/v2\/pages\/47","targetHints":{"allow":["GET"]}}],"collection":[{"href":"https:\/\/www.pro-energia.com.pl\/index.php?rest_route=\/wp\/v2\/pages"}],"about":[{"href":"https:\/\/www.pro-energia.com.pl\/index.php?rest_route=\/wp\/v2\/types\/page"}],"author":[{"embeddable":true,"href":"https:\/\/www.pro-energia.com.pl\/index.php?rest_route=\/wp\/v2\/users\/1"}],"replies":[{"embeddable":true,"href":"https:\/\/www.pro-energia.com.pl\/index.php?rest_route=%2Fwp%2Fv2%2Fcomments&post=47"}],"version-history":[{"count":3,"href":"https:\/\/www.pro-energia.com.pl\/index.php?rest_route=\/wp\/v2\/pages\/47\/revisions"}],"predecessor-version":[{"id":314,"href":"https:\/\/www.pro-energia.com.pl\/index.php?rest_route=\/wp\/v2\/pages\/47\/revisions\/314"}],"wp:attachment":[{"href":"https:\/\/www.pro-energia.com.pl\/index.php?rest_route=%2Fwp%2Fv2%2Fmedia&parent=47"}],"curies":[{"name":"wp","href":"https:\/\/api.w.org\/{rel}","templated":true}]}}